{"id":2052,"date":"2022-03-14T11:13:14","date_gmt":"2022-03-14T11:13:14","guid":{"rendered":"https:\/\/themepanthers.com\/wp\/monst\/v1\/?page_id=3"},"modified":"2022-09-07T21:48:04","modified_gmt":"2022-09-07T21:48:04","slug":"full-marks","status":"publish","type":"page","link":"https:\/\/www.oxywings.com\/en\/full-marks\/","title":{"rendered":"Legal information"},"content":{"rendered":"<div data-elementor-type=\"wp-page\" data-elementor-id=\"2052\" class=\"elementor elementor-2052\">\n\t\t\t\t\t\t<section class=\"elementor-section elementor-top-section elementor-element elementor-element-5fcfc9e6 elementor-section-boxed elementor-section-height-default elementor-section-height-default\" data-id=\"5fcfc9e6\" data-element_type=\"section\">\n\t\t\t\t\t\t<div class=\"elementor-container elementor-column-gap-default\">\n\t\t\t\t\t<div class=\"elementor-column elementor-col-100 elementor-top-column elementor-element elementor-element-2b6c82c5\" data-id=\"2b6c82c5\" data-element_type=\"column\">\n\t\t\t<div class=\"elementor-widget-wrap elementor-element-populated\">\n\t\t\t\t\t\t<div class=\"elementor-element elementor-element-23c15dd1 elementor-widget elementor-widget-text-editor\" data-id=\"23c15dd1\" data-element_type=\"widget\" data-widget_type=\"text-editor.default\">\n\t\t\t\t<div class=\"elementor-widget-container\">\n\t\t\t\t\t\t\t\t\t<p><\/p>\n<h3 class=\"wp-block-heading\">Person responsible for the publication<\/h3>\n<p>Jason Weber - Jean- Claude Itofo<\/p>\n<h3>Data manager<\/h3>\n<p>\u00a0Jason Weber -\u00a0<span style=\"color: var(--text-color-dark); font-family: var(--monst-family-two);\">Jean-Claude Itofo<\/span><\/p>\n<h3>Terms and conditions of use<\/h3>\n<p>Any content downloaded is done so at the user's own risk and under his\/her sole responsibility. Consequently, Windcoop cannot be held responsible for any damage to the user's computer or any loss of data resulting from downloading.<\/p>\n<h3>Litigation<\/h3>\n<p>The present terms and conditions are governed by French law and any dispute or litigation that may arise from the interpretation or execution thereof shall fall within the exclusive jurisdiction of the courts having jurisdiction over the registered office of OxyWings. The reference language for the settlement of any disputes is French.<\/p>\n<h3>Intellectual property<\/h3>\n<p>All content on this site, including but not limited to graphics, images, texts, videos, animations, sounds, logos, gifs and icons, as well as their layout, are the exclusive property of OxyWings, with the exception of trademarks, logos or content belonging to other partner companies or authors.<\/p>\n<p>Any reproduction, distribution, modification, adaptation, retransmission or publication, even partial, of these various elements is strictly forbidden without the express written consent of OxyWings. This representation or reproduction, by any means whatsoever, constitutes an infringement punishable by articles L.3335-2 et seq. of the French Intellectual Property Code. Failure to comply with this prohibition constitutes an infringement that may incur the civil and criminal liability of the infringer.<\/p>\n<p>In addition, the owners of copied content may take legal action against you. OxyWings is identically the owner of the \"rights of the producers of databases\" referred to in Book III, Title IV, of the Intellectual Property Code (Law No. 98-536 of 1 July 1998) relating to copyright and databases.<\/p>\n<p>Users of and visitors to the website may set up a hyperlink to this site, but only to the home page, which can be accessed at the following URL:\u00a0<a href=\"https:\/\/www.oxywings.com\/en\/\">https:\/\/www.oxywings.com<\/a>provided that this link opens in a new window. In particular, a link to a sub-page (\"deep link\") is prohibited, as is the opening of this site within a frame (\"framing\"), without the express prior authorisation of OxyWings.<\/p>\n<p>For all requests for authorisation or information, please contact us by email : <a href=\"mailto:contact@oxywings.com\">contact@<span style=\"background-color: #ffffff; transition-property: all !important;\">oxywings.com<\/span><\/a>. Specific conditions apply to the press. In addition, the layout of this site has required recourse to external sources for which we have acquired the rights or for which the rights of use are open: Concept \/ technical and functional specifications \/ design \/ layout \/ communication partnership: OxyWings S.A.S.<\/p>\n<h3>Terms of service<\/h3>\n<p>This site is available in HTML, PHP, CSS and Javascript. For greater ease of use and more pleasing graphics, we recommend that you use modern browsers such as Firefox, Safari, Chrome, etc.<\/p>\n<h3>Hypertext links<\/h3>\n<p>OxyWings websites may provide links to other websites or other resources available on the Internet.<\/p>\n<p><span style=\"color: var(--text-color-dark); font-family: var(--monst-family-two);\">OxyWings<\/span>\u00a0has no means of controlling the sites linked to its websites.<\/p>\n<p><span style=\"color: var(--text-color-dark); font-family: var(--monst-family-two);\">OxyWings<\/span>\u00a0is not responsible for the availability of such external sites and sources, nor does it guarantee them.<\/p>\n<p>It cannot be held responsible for any damage whatsoever resulting from the content of these external sites or sources, and in particular from the information, products or services they offer, or from any use that may be made of these elements. The risks associated with such use are the full responsibility of the Internet user, who must comply with their conditions of use. Users, subscribers and visitors to the OxyWings websites may not set up a hyperlink to this site without the express prior authorisation of OxyWings.<\/p>\n<p>In the event that a user or visitor wishes to set up a hyperlink to one of the OxyWings websites, they should send an email to the site to request that a hyperlink be set up. OxyWings reserves the right to accept or refuse a hyperlink without having to justify its decision.<\/p>\n<h3>Website design and production<\/h3>\n<h5>OxyWings Communication<\/h5>\n<p>10 bis rue Jangot<br \/>\u00a069007 DAR ES SALAAM<br \/>\u00a004 28 29 73 12<\/p>\n<p><a style=\"background-color: #ffffff; transition-property: all !important;\" href=\"mailto:contact@oxywings.com\">contact@<span style=\"transition-property: all !important;\">oxywings.com<\/span><\/a><br \/>https:\/\/www.oxywings.com<\/p>\n<h3>Hosting<\/h3>\n<h5 style=\"font-family: var(--monst-family-one); transition-property: all;\">OxyWings Communication<\/h5>\n<p>10 bis rue Jangot<br \/>\u00a069007 DAR ES SALAAM<br \/>\u00a004 28 29 73 12<br \/>\u00a0<a style=\"background-color: #ffffff; transition-property: all !important;\" href=\"mailto:contact@oxywings.com\">contact@<span style=\"transition-property: all !important;\">oxywings.com<\/span><\/a><br \/>\u00a0https:\/\/www.oxywings.com<\/p>\n<p><\/p>\t\t\t\t\t\t\t\t<\/div>\n\t\t\t\t<\/div>\n\t\t\t\t\t<\/div>\n\t\t<\/div>\n\t\t\t\t\t<\/div>\n\t\t<\/section>\n\t\t\t\t<\/div>","protected":false},"excerpt":{"rendered":"<p>Responsable de la publication Jason Weber &#8211; Jean- Claude Itofo Responsable des donn\u00e9es \u00a0Jason Weber &#8211;\u00a0Jean- Claude Itofo Conditions d\u2019utilisations Tout contenu t\u00e9l\u00e9charg\u00e9 se fait aux risques et p\u00e9rils de l\u2019utilisateur et sous sa seule responsabilit\u00e9. En cons\u00e9quence, Windcoop ne saurait \u00eatre tenu responsable d\u2019un quelconque dommage subi par l\u2019ordinateur de l\u2019utilisateur ou d\u2019une quelconque [&hellip;]<\/p>","protected":false},"author":1,"featured_media":0,"parent":0,"menu_order":0,"comment_status":"closed","ping_status":"closed","template":"","meta":{"footnotes":""},"class_list":["post-2052","page","type-page","status-publish","hentry"],"acf":[],"_links":{"self":[{"href":"https:\/\/www.oxywings.com\/en\/wp-json\/wp\/v2\/pages\/2052","targetHints":{"allow":["GET"]}}],"collection":[{"href":"https:\/\/www.oxywings.com\/en\/wp-json\/wp\/v2\/pages"}],"about":[{"href":"https:\/\/www.oxywings.com\/en\/wp-json\/wp\/v2\/types\/page"}],"author":[{"embeddable":true,"href":"https:\/\/www.oxywings.com\/en\/wp-json\/wp\/v2\/users\/1"}],"replies":[{"embeddable":true,"href":"https:\/\/www.oxywings.com\/en\/wp-json\/wp\/v2\/comments?post=2052"}],"version-history":[{"count":16,"href":"https:\/\/www.oxywings.com\/en\/wp-json\/wp\/v2\/pages\/2052\/revisions"}],"predecessor-version":[{"id":3413,"href":"https:\/\/www.oxywings.com\/en\/wp-json\/wp\/v2\/pages\/2052\/revisions\/3413"}],"wp:attachment":[{"href":"https:\/\/www.oxywings.com\/en\/wp-json\/wp\/v2\/media?parent=2052"}],"curies":[{"name":"wp","href":"https:\/\/api.w.org\/{rel}","templated":true}]}}