{"id":4267,"date":"2022-03-14T11:42:15","date_gmt":"2022-03-14T11:42:15","guid":{"rendered":"https:\/\/www.oxywings.com\/contact\/"},"modified":"2022-11-23T19:39:58","modified_gmt":"2022-11-23T19:39:58","slug":"contact","status":"publish","type":"page","link":"https:\/\/www.oxywings.com\/en\/contact\/","title":{"rendered":"Contact"},"content":{"rendered":"<div data-elementor-type=\"wp-page\" data-elementor-id=\"4267\" class=\"elementor elementor-4267\">\n\t\t\t\t\t\t<section class=\"elementor-section elementor-top-section elementor-element elementor-element-63b64cc elementor-section-full_width elementor-section-height-default elementor-section-height-default\" data-id=\"63b64cc\" data-element_type=\"section\">\n\t\t\t\t\t\t<div class=\"elementor-container elementor-column-gap-no\">\n\t\t\t\t\t<div class=\"elementor-column elementor-col-100 elementor-top-column elementor-element elementor-element-1f86b14\" data-id=\"1f86b14\" data-element_type=\"column\">\n\t\t\t<div class=\"elementor-widget-wrap elementor-element-populated\">\n\t\t\t\t\t\t<div class=\"elementor-element elementor-element-65c5803 elementor-widget elementor-widget-monst-single-banner-v1\" data-id=\"65c5803\" data-element_type=\"widget\" data-widget_type=\"monst-single-banner-v1.default\">\n\t\t\t\t<div class=\"elementor-widget-container\">\n\t\t\t\t\t\r\n<section class=\"single_banner two\">\r\n    <div class=\"container\">\r\n    <div class=\"row align-items-center\">\r\n        <div class=\"col-lg-6 col-md-12 col-sm-12\">\r\n            <div class=\"banner_box_in\">\r\n   \r\n                    <div class=\"text-left\">\r\n                        <div class=\"content_box\">\r\n                                                              \r\n                        <div class=\"title wow animate__animated animate__fadeIn\">\r\n                             Become an Investor and Participate in our <span>Fundraising<\/span>. <br>\nReceive 15% in Annual Interest over 3 years \r\n                        <\/div>\r\n                      \r\n\r\n                                                                                    <p class=\"wow animate__animated animate__fadeIn\">\r\n                                OxyWings recycles transport vessels <span><strong>Maritime<\/strong><\/span>including solar assistance                                <span class=\"typewrite d-inline\" data-period=\"3000\"\r\n                                    data-type='[\"Utilise le solaire comme carburant\", \"D\u00e9carbone les oc\u00e9ans\"]'><\/span>\r\n                            <\/p>\r\n                                                                                    <p class=\"wow desc_two animate__animated animate__fadeIn\">\r\n                                Help us raise more funds and maximise your return on investment                            <\/p>\r\n                                                        <div>\r\n                                <ul class=\"button_group\">\r\n                                    <li>\r\n                                        <a class=\"theme_btn one  wow animate__animated animate__fadeInUp\"\r\n                                            href=\"https:\/\/www.oxywings.com\/en\/pricing\/\"\r\n                                             target=\"&quot;_blank&quot;\"  rel=\"&quot;nofollow&quot;\">\r\n                                            Fundraising                                        <\/a>\r\n                                    <\/li>\r\n                                    <li>\r\n                                        <a class=\"theme_btn default wow animate__animated animate__fadeInUp hover-up-2\"\r\n                                            data-wow-delay=\".3s\"\r\n                                            href=\"https:\/\/www.oxywings.com\/en\/service\/solution-oxywings\/#solution\"\r\n                                             target=\"&quot;_blank&quot;\"                                             rel=\"&quot;nofollow&quot;\">\r\n                                            The OxyWings solution                                        <\/a>\r\n                                    <\/li>\r\n                                <\/ul>\r\n                            <\/div>\r\n                        <\/div>\r\n\r\n                    <\/div>\r\n           \r\n            <\/div>\r\n        <\/div>\r\n        <div class=\"col-lg-6 col-md-12 col-sm-12\">\r\n            <div class=\"image_box mx-auto\">\r\n                 \r\n                                <div class=\"relative\">\r\n                    <img decoding=\"async\" class=\"wow animate__animated animate__fadeInUp\"\r\n                        src=\"https:\/\/www.oxywings.com\/wp-content\/uploads\/2022\/08\/home-1.jpg\" alt=\"image\" \/>\r\n                <\/div>\r\n                            <\/div>\r\n        <\/div>\r\n    <\/div>\r\n    <\/div>\r\n\r\n<\/section>\r\n\r\n\t\t\t\t<\/div>\n\t\t\t\t<\/div>\n\t\t\t\t\t<\/div>\n\t\t<\/div>\n\t\t\t\t\t<\/div>\n\t\t<\/section>\n\t\t\t\t<section class=\"elementor-section elementor-top-section elementor-element elementor-element-f32d344 elementor-section-boxed elementor-section-height-default elementor-section-height-default\" data-id=\"f32d344\" data-element_type=\"section\">\n\t\t\t\t\t\t<div class=\"elementor-container elementor-column-gap-default\">\n\t\t\t\t\t<div class=\"elementor-column elementor-col-100 elementor-top-column elementor-element elementor-element-20722dc\" data-id=\"20722dc\" data-element_type=\"column\">\n\t\t\t<div class=\"elementor-widget-wrap\">\n\t\t\t\t\t\t\t<\/div>\n\t\t<\/div>\n\t\t\t\t\t<\/div>\n\t\t<\/section>\n\t\t\t\t<section class=\"elementor-section elementor-top-section elementor-element elementor-element-45d7a46 elementor-section-boxed elementor-section-height-default elementor-section-height-default\" data-id=\"45d7a46\" data-element_type=\"section\">\n\t\t\t\t\t\t<div class=\"elementor-container elementor-column-gap-default\">\n\t\t\t\t\t<div class=\"elementor-column elementor-col-100 elementor-top-column elementor-element elementor-element-c71421e\" data-id=\"c71421e\" data-element_type=\"column\">\n\t\t\t<div class=\"elementor-widget-wrap elementor-element-populated\">\n\t\t\t\t\t\t<div class=\"elementor-element elementor-element-3496b36 elementor-widget elementor-widget-monst-title-v1\" data-id=\"3496b36\" data-element_type=\"widget\" data-widget_type=\"monst-title-v1.default\">\n\t\t\t\t<div class=\"elementor-widget-container\">\n\t\t\t\t\t    \r\n        <div class=\"section_title type_one\">\r\n                                        <div class=\"title_whole\">\r\n                      \r\n                        <div class=\"title\"> If you have any questions!\n  <\/div>\r\n                      \r\n\r\n                <\/div>\r\n                                        <p> News - Fundraising - Chargers<\/p>\r\n                    <\/div> \r\n\r\n\r\n    \t\t\t\t<\/div>\n\t\t\t\t<\/div>\n\t\t\t\t<section class=\"elementor-section elementor-inner-section elementor-element elementor-element-f851481 elementor-section-boxed elementor-section-height-default elementor-section-height-default\" data-id=\"f851481\" data-element_type=\"section\">\n\t\t\t\t\t\t<div class=\"elementor-container elementor-column-gap-default\">\n\t\t\t\t\t<div class=\"elementor-column elementor-col-20 elementor-inner-column elementor-element elementor-element-753b297\" data-id=\"753b297\" data-element_type=\"column\">\n\t\t\t<div class=\"elementor-widget-wrap\">\n\t\t\t\t\t\t\t<\/div>\n\t\t<\/div>\n\t\t\t\t<div class=\"elementor-column elementor-col-20 elementor-inner-column elementor-element elementor-element-fb1fe6e\" data-id=\"fb1fe6e\" data-element_type=\"column\">\n\t\t\t<div class=\"elementor-widget-wrap elementor-element-populated\">\n\t\t\t\t\t\t<div class=\"elementor-element elementor-element-71e8adf elementor-widget elementor-widget-monst-contact-box-v1\" data-id=\"71e8adf\" data-element_type=\"widget\" data-widget_type=\"monst-contact-box-v1.default\">\n\t\t\t\t<div class=\"elementor-widget-container\">\n\t\t\t\t\t<div class=\"contact_box two wow animate__animated animate__fadeInUp\"\r\n    data-wow-delay=\"0\">\r\n    \r\n                <div class=\"image\">\r\n        <i class=\"fa fab fas  icon-telephone1\"><\/i>\r\n    <\/div>\r\n        <div class=\"contact-infor\">\r\n                <div class=\"title\">\r\n            <h2>Telephone<\/h2>\r\n        <\/div>\r\n                        <a\r\n            href=\"tel:+33 7 81 45 08 60\">+33 7 81 45 08 60<\/a>\r\n                        <a\r\n            href=\"tel:+33 7 84 71 44 70\">+33 7 84 71 44 70<\/a>\r\n            <\/div> \r\n     \r\n<\/div>\r\n\r\n\r\n\r\n\t\t\t\t<\/div>\n\t\t\t\t<\/div>\n\t\t\t\t\t<\/div>\n\t\t<\/div>\n\t\t\t\t<div class=\"elementor-column elementor-col-20 elementor-inner-column elementor-element elementor-element-c8e2228\" data-id=\"c8e2228\" data-element_type=\"column\">\n\t\t\t<div class=\"elementor-widget-wrap elementor-element-populated\">\n\t\t\t\t\t\t<div class=\"elementor-element elementor-element-3500ad1 elementor-widget elementor-widget-monst-contact-box-v1\" data-id=\"3500ad1\" data-element_type=\"widget\" data-widget_type=\"monst-contact-box-v1.default\">\n\t\t\t\t<div class=\"elementor-widget-container\">\n\t\t\t\t\t<div class=\"contact_box two wow animate__animated animate__fadeInUp\"\r\n    data-wow-delay=\"0\">\r\n    \r\n                <div class=\"image\">\r\n        <i class=\"fa fab fas  icon-email-2\"><\/i>\r\n    <\/div>\r\n        <div class=\"contact-infor\">\r\n                <div class=\"title\">\r\n            <h2>Contact us at<\/h2>\r\n        <\/div>\r\n                        <a\r\n            href=\"mailto:contact @ oxywings . com\">contact @ oxywings . com\n<\/a>\r\n                        <a\r\n            href=\"mailto:jcitofo @ oxywings . com jweber @ oxywings . com\">jcitofo @ oxywings . com\n\n jweber @ oxywings . com<\/a>\r\n            <\/div> \r\n     \r\n<\/div>\r\n\r\n\r\n\r\n\t\t\t\t<\/div>\n\t\t\t\t<\/div>\n\t\t\t\t\t<\/div>\n\t\t<\/div>\n\t\t\t\t<div class=\"elementor-column elementor-col-20 elementor-inner-column elementor-element elementor-element-8e8eeee\" data-id=\"8e8eeee\" data-element_type=\"column\">\n\t\t\t<div class=\"elementor-widget-wrap elementor-element-populated\">\n\t\t\t\t\t\t<div class=\"elementor-element elementor-element-bdc9e40 elementor-widget elementor-widget-monst-contact-box-v1\" data-id=\"bdc9e40\" data-element_type=\"widget\" data-widget_type=\"monst-contact-box-v1.default\">\n\t\t\t\t<div class=\"elementor-widget-container\">\n\t\t\t\t\t<div class=\"contact_box two wow animate__animated animate__fadeInUp\"\r\n    data-wow-delay=\"0\">\r\n    \r\n                <div class=\"image\">\r\n        <i class=\"fa fab fas  icon-home1\"><\/i>\r\n    <\/div>\r\n        <div class=\"contact-infor\">\r\n                <div class=\"title\">\r\n            <h2>Address<\/h2>\r\n        <\/div>\r\n                        <span>\nRue des investisseurs\n\n<\/span>\r\n                        <span> 44000, Nantes<\/span>\r\n            <\/div> \r\n     \r\n<\/div>\r\n\r\n\r\n\r\n\t\t\t\t<\/div>\n\t\t\t\t<\/div>\n\t\t\t\t\t<\/div>\n\t\t<\/div>\n\t\t\t\t<div class=\"elementor-column elementor-col-20 elementor-inner-column elementor-element elementor-element-dd4113d\" data-id=\"dd4113d\" data-element_type=\"column\">\n\t\t\t<div class=\"elementor-widget-wrap\">\n\t\t\t\t\t\t\t<\/div>\n\t\t<\/div>\n\t\t\t\t\t<\/div>\n\t\t<\/section>\n\t\t\t\t<section class=\"elementor-section elementor-inner-section elementor-element elementor-element-acbbf79 elementor-section-boxed elementor-section-height-default elementor-section-height-default\" data-id=\"acbbf79\" data-element_type=\"section\">\n\t\t\t\t\t\t<div class=\"elementor-container elementor-column-gap-default\">\n\t\t\t\t\t<div class=\"elementor-column elementor-col-100 elementor-inner-column elementor-element elementor-element-59461f6\" data-id=\"59461f6\" data-element_type=\"column\">\n\t\t\t<div class=\"elementor-widget-wrap elementor-element-populated\">\n\t\t\t\t\t\t<div class=\"elementor-element elementor-element-0af61a2 elementor-widget elementor-widget-monst-contact-form-v1\" data-id=\"0af61a2\" data-element_type=\"widget\" data-widget_type=\"monst-contact-form-v1.default\">\n\t\t\t\t<div class=\"elementor-widget-container\">\n\t\t\t\t\t \r\n        <section class=\"contact_form_box_all enable_check_box_inline wow animate__animated animate__fadeInUp\" data-wow-delay=\"0\">\r\n        <div class=\"contact_form_shortcode\">\r\n                                    \n<div class=\"wpcf7 no-js\" id=\"wpcf7-f581-o1\" lang=\"en-US\" dir=\"ltr\" data-wpcf7-id=\"581\">\n<div class=\"screen-reader-response\"><p role=\"status\" aria-live=\"polite\" aria-atomic=\"true\"><\/p> <ul><\/ul><\/div>\n<form action=\"\/en\/wp-json\/wp\/v2\/pages\/4267#wpcf7-f581-o1\" method=\"post\" class=\"wpcf7-form init\" aria-label=\"Contact form\" enctype=\"multipart\/form-data\" novalidate=\"novalidate\" data-status=\"init\" data-trp-original-action=\"\/en\/wp-json\/wp\/v2\/pages\/4267#wpcf7-f581-o1\">\n<fieldset class=\"hidden-fields-container\"><input type=\"hidden\" name=\"_wpcf7\" value=\"581\" \/><input type=\"hidden\" name=\"_wpcf7_version\" value=\"6.1.1\" \/><input type=\"hidden\" name=\"_wpcf7_locale\" value=\"en_US\" \/><input type=\"hidden\" name=\"_wpcf7_unit_tag\" value=\"wpcf7-f581-o1\" \/><input type=\"hidden\" name=\"_wpcf7_container_post\" value=\"0\" \/><input type=\"hidden\" name=\"_wpcf7_posted_data_hash\" value=\"\" \/><input type=\"hidden\" name=\"_wpcf7_recaptcha_response\" value=\"\" \/>\n<\/fieldset>\n<div class=\"row\">\n\t<div class=\"col-lg-6 col-md-12\">\n\t\t<p><span class=\"wpcf7-form-control-wrap\" data-name=\"radio\"><span class=\"wpcf7-form-control wpcf7-radio\"><span class=\"wpcf7-list-item first\"><label><input type=\"radio\" name=\"radio\" value=\"Support\" checked=\"checked\" \/><span class=\"wpcf7-list-item-label\">Support<\/span><\/label><\/span><span class=\"wpcf7-list-item\"><label><input type=\"radio\" name=\"radio\" value=\"investisseurs\" \/><span class=\"wpcf7-list-item-label\">investors<\/span><\/label><\/span><span class=\"wpcf7-list-item last\"><label><input type=\"radio\" name=\"radio\" value=\"Chargeurs\" \/><span class=\"wpcf7-list-item-label\">Chargers<\/span><\/label><\/span><\/span><\/span><br \/>\n<span class=\"wpcf7-form-control-wrap\" data-name=\"text-1\"><input size=\"40\" maxlength=\"400\" class=\"wpcf7-form-control wpcf7-text wpcf7-validates-as-required\" aria-required=\"true\" aria-invalid=\"false\" placeholder=\"Subject\" value=\"\" type=\"text\" name=\"text-1\" \/><\/span><br \/>\n<span class=\"wpcf7-form-control-wrap\" data-name=\"text-2\"><input size=\"40\" maxlength=\"400\" class=\"wpcf7-form-control wpcf7-text wpcf7-validates-as-required\" aria-required=\"true\" aria-invalid=\"false\" placeholder=\"First &amp; last name\" value=\"\" type=\"text\" name=\"text-2\" \/><\/span><br \/>\n<span class=\"wpcf7-form-control-wrap\" data-name=\"tel\"><input size=\"40\" maxlength=\"400\" class=\"wpcf7-form-control wpcf7-tel wpcf7-validates-as-required wpcf7-text wpcf7-validates-as-tel\" aria-required=\"true\" aria-invalid=\"false\" placeholder=\"Telephone\" value=\"\" type=\"tel\" name=\"tel\" \/><\/span><br \/>\n<span class=\"wpcf7-form-control-wrap\" data-name=\"email\"><input size=\"40\" maxlength=\"400\" class=\"wpcf7-form-control wpcf7-email wpcf7-validates-as-required wpcf7-text wpcf7-validates-as-email\" aria-required=\"true\" aria-invalid=\"false\" placeholder=\"name@example.com\" value=\"\" type=\"email\" name=\"email\" \/><\/span><br \/>\n<span class=\"wpcf7-form-control-wrap\" data-name=\"file\"><input size=\"40\" class=\"wpcf7-form-control wpcf7-file\" accept=\"audio\/*,video\/*,image\/*\" aria-invalid=\"false\" type=\"file\" name=\"file\" \/><\/span><br \/>\n<span class=\"wpcf7-form-control-wrap\" data-name=\"checkbox\"><span class=\"wpcf7-form-control wpcf7-checkbox wpcf7-validates-as-required\"><span class=\"wpcf7-list-item first last\"><label><input type=\"checkbox\" name=\"checkbox[]\" value=\"J&#039;accepte les termes et conditions.\" \/><span class=\"wpcf7-list-item-label\">I accept the terms and conditions.<\/span><\/label><\/span><\/span><\/span>\n\t\t<\/p>\n\t<\/div>\n\t<div class=\"col-lg-6 col-md-12 pdt_43\">\n\t\t<p><span class=\"wpcf7-form-control-wrap\" data-name=\"textarea\"><textarea cols=\"40\" rows=\"10\" maxlength=\"2000\" class=\"wpcf7-form-control wpcf7-textarea wpcf7-validates-as-required\" aria-required=\"true\" aria-invalid=\"false\" placeholder=\"Message...\" name=\"textarea\"><\/textarea><\/span>\n\t\t<\/p>\n\t\t<div class=\"text-right\">\n\t\t\t<p><input class=\"wpcf7-form-control wpcf7-submit has-spinner\" type=\"submit\" value=\"Send\" \/>\n\t\t\t<\/p>\n\t\t<\/div>\n\t<\/div>\n<\/div><div class=\"wpcf7-response-output\" aria-hidden=\"true\"><\/div>\n<input type=\"hidden\" name=\"trp-form-language\" value=\"en\"\/><\/form>\n<\/div>\n                        <\/div>\r\n        <\/section> \r\n\t\t\t\t\t\t<\/div>\n\t\t\t\t<\/div>\n\t\t\t\t\t<\/div>\n\t\t<\/div>\n\t\t\t\t\t<\/div>\n\t\t<\/section>\n\t\t\t\t\t<\/div>\n\t\t<\/div>\n\t\t\t\t\t<\/div>\n\t\t<\/section>\n\t\t\t\t<section class=\"elementor-section elementor-top-section elementor-element elementor-element-e2b4b2e elementor-section-full_width elementor-section-height-default elementor-section-height-default\" data-id=\"e2b4b2e\" data-element_type=\"section\">\n\t\t\t\t\t\t<div class=\"elementor-container elementor-column-gap-no\">\n\t\t\t\t\t<div class=\"elementor-column elementor-col-100 elementor-top-column elementor-element elementor-element-b4bfc8a\" data-id=\"b4bfc8a\" data-element_type=\"column\">\n\t\t\t<div class=\"elementor-widget-wrap elementor-element-populated\">\n\t\t\t\t\t\t<div class=\"elementor-element elementor-element-6596641 elementor-widget elementor-widget-google_maps\" data-id=\"6596641\" data-element_type=\"widget\" data-widget_type=\"google_maps.default\">\n\t\t\t\t<div class=\"elementor-widget-container\">\n\t\t\t\t\t\t\t<div class=\"elementor-custom-embed\">\n\t\t\t<iframe loading=\"lazy\"\n\t\t\t\t\tsrc=\"https:\/\/maps.google.com\/maps?q=44000%2C%20Nantes%2C%20France&#038;t=m&#038;z=9&#038;output=embed&#038;iwloc=near\"\n\t\t\t\t\ttitle=\"44000, Nantes, France\"\n\t\t\t\t\taria-label=\"44000, Nantes, France\"\n\t\t\t><\/iframe>\n\t\t<\/div>\n\t\t\t\t\t\t<\/div>\n\t\t\t\t<\/div>\n\t\t\t\t\t<\/div>\n\t\t<\/div>\n\t\t\t\t\t<\/div>\n\t\t<\/section>\n\t\t\t\t<section class=\"elementor-section elementor-top-section elementor-element elementor-element-6723546 elementor-section-boxed elementor-section-height-default elementor-section-height-default\" data-id=\"6723546\" data-element_type=\"section\" data-settings=\"{&quot;background_background&quot;:&quot;classic&quot;}\">\n\t\t\t\t\t\t<div class=\"elementor-container elementor-column-gap-default\">\n\t\t\t\t\t<div class=\"elementor-column elementor-col-100 elementor-top-column elementor-element elementor-element-266a75b\" data-id=\"266a75b\" data-element_type=\"column\">\n\t\t\t<div class=\"elementor-widget-wrap elementor-element-populated\">\n\t\t\t\t\t\t<div class=\"elementor-element elementor-element-230e12c elementor-widget elementor-widget-monst-subscribe-v1\" data-id=\"230e12c\" data-element_type=\"widget\" data-widget_type=\"monst-subscribe-v1.default\">\n\t\t\t\t<div class=\"elementor-widget-container\">\n\t\t\t\t\t<section class=\"newsteller style_one center_form\">\r\n\r\n    \r\n        <div class=\"section_title type_one\">\r\n                                        <div class=\"title_whole\">\r\n\r\n                  \r\n                        <div class=\"title\">\r\n                             Follow Our Actions, Subscribe to <span>Newsletter<\/span> <br>\nTake part in the fundraising and become a shareholder. \r\n                        <\/div>\r\n                      \r\n\r\n                   \r\n                    \r\n                <\/div>\r\n                                <\/div>\r\n\r\n\r\n            <div class=\"item_scubscribe\">\r\n               <div class=\"input_group\">\r\n                  <script>(function() {\n\twindow.mc4wp = window.mc4wp || {\n\t\tlisteners: [],\n\t\tforms: {\n\t\t\ton: function(evt, cb) {\n\t\t\t\twindow.mc4wp.listeners.push(\n\t\t\t\t\t{\n\t\t\t\t\t\tevent   : evt,\n\t\t\t\t\t\tcallback: cb\n\t\t\t\t\t}\n\t\t\t\t);\n\t\t\t}\n\t\t}\n\t}\n})();\n<\/script><!-- Mailchimp for WordPress v4.10.7 - https:\/\/wordpress.org\/plugins\/mailchimp-for-wp\/ --><form id=\"mc4wp-form-1\" class=\"mc4wp-form mc4wp-form-360\" method=\"post\" data-id=\"360\" data-name=\"Monst Form\" action=\"\" ><div class=\"mc4wp-form-fields\"><p>\r\n  <i class=\"fa fa-envelope\"><\/i>\r\n<input type=\"email\" name=\"EMAIL\" placeholder=\"Your e-mail address\" required \/>\r\n<\/p>\r\n\r\n\t<input type=\"submit\" value=\"Register at\" \/>\r\n<\/div><label style=\"display: none !important;\">Leave this field empty if you're human: <input type=\"text\" name=\"_mc4wp_honeypot\" value=\"\" tabindex=\"-1\" autocomplete=\"off\" \/><\/label><input type=\"hidden\" name=\"_mc4wp_timestamp\" value=\"1777439769\" \/><input type=\"hidden\" name=\"_mc4wp_form_id\" value=\"360\" \/><input type=\"hidden\" name=\"_mc4wp_form_element_id\" value=\"mc4wp-form-1\" \/><div class=\"mc4wp-response\"><\/div><input type=\"hidden\" name=\"trp-form-language\" value=\"en\"\/><\/form><!-- \/ Mailchimp for WordPress Plugin -->               <\/div>\r\n            <\/div>\r\n   \r\n<\/section>\r\n  \r\n\t\t\t\t<\/div>\n\t\t\t\t<\/div>\n\t\t\t\t\t<\/div>\n\t\t<\/div>\n\t\t\t\t\t<\/div>\n\t\t<\/section>\n\t\t\t\t<\/div>","protected":false},"excerpt":{"rendered":"<p>Devenez Investisseur et Participez \u00e0 notre Lev\u00e9e de Fonds. Recevez 15% d&#8217;Int\u00e9r\u00eats Annuels sur 3 ans OxyWings recycle les navires de transport Maritime, en y associant l&#8217;assistance solaire Aidez-nous \u00e0 lever plus de fonds et maximisez vos retours sur investissements La Lev\u00e9e de Fonds La Solution OxyWings Pour toutes questions ! Infos &#8211; Lev\u00e9e de [&hellip;]<\/p>","protected":false},"author":1,"featured_media":0,"parent":0,"menu_order":0,"comment_status":"closed","ping_status":"closed","template":"template-homepage.php","meta":{"footnotes":""},"class_list":["post-4267","page","type-page","status-publish","hentry"],"acf":[],"_links":{"self":[{"href":"https:\/\/www.oxywings.com\/en\/wp-json\/wp\/v2\/pages\/4267","targetHints":{"allow":["GET"]}}],"collection":[{"href":"https:\/\/www.oxywings.com\/en\/wp-json\/wp\/v2\/pages"}],"about":[{"href":"https:\/\/www.oxywings.com\/en\/wp-json\/wp\/v2\/types\/page"}],"author":[{"embeddable":true,"href":"https:\/\/www.oxywings.com\/en\/wp-json\/wp\/v2\/users\/1"}],"replies":[{"embeddable":true,"href":"https:\/\/www.oxywings.com\/en\/wp-json\/wp\/v2\/comments?post=4267"}],"version-history":[{"count":1,"href":"https:\/\/www.oxywings.com\/en\/wp-json\/wp\/v2\/pages\/4267\/revisions"}],"predecessor-version":[{"id":4268,"href":"https:\/\/www.oxywings.com\/en\/wp-json\/wp\/v2\/pages\/4267\/revisions\/4268"}],"wp:attachment":[{"href":"https:\/\/www.oxywings.com\/en\/wp-json\/wp\/v2\/media?parent=4267"}],"curies":[{"name":"wp","href":"https:\/\/api.w.org\/{rel}","templated":true}]}}